{"id":3,"date":"2021-04-26T22:58:14","date_gmt":"2021-04-26T20:58:14","guid":{"rendered":"http:\/\/141.94.22.107\/smyle\/?page_id=3"},"modified":"2021-06-20T15:29:20","modified_gmt":"2021-06-20T13:29:20","slug":"privacy-policy","status":"publish","type":"page","link":"https:\/\/smyleshop.it\/index.php\/privacy-policy\/","title":{"rendered":"Privacy policy"},"content":{"rendered":"\n<h1 class=\"wp-block-heading\"><\/h1>\n\n\n\n<p><strong>Informativa ai sensi dell\u2019art. 13 del Codice della Privacy<\/strong><\/p>\n\n\n\n<p><strong>Ai sensi dell\u2019articolo 13 del codice della D.Lgs. 196\/2003, vi rendiamo le seguenti informazioni.<\/strong><\/p>\n\n\n\n<p>Noi di&nbsp;<strong>https:\/\/smyleshop.it\/<\/strong>&nbsp;riteniamo che la privacy dei nostri visitatori sia estremamente importante. Questo documento descrive dettagliatamente i tipi di informazioni personali raccolti e registrati dal nostro sito e come essi vengano utilizzati.<\/p>\n\n\n\n<h3 class=\"wp-block-heading\">File di Registrazione (Log Files)<\/h3>\n\n\n\n<p>Come molti altri siti web, il nostro utilizza file di log. Questi file registrano semplicemente i visitatori del sito \u2013 di solito una procedura standard delle aziende di hosting e dei servizi di analisi degli hosting.<\/p>\n\n\n\n<p>Le informazioni contenute nei file di registro comprendono indirizzi di protocollo Internet (IP), il tipo di browser, Internet Service Provider (ISP), informazioni come data e ora, pagine referral, pagine d\u2019uscita ed entrata o il numero di clic.<\/p>\n\n\n\n<p>Queste informazioni vengono utilizzate per analizzare le tendenze, amministrare il sito, monitorare il movimento degli utenti sul sito e raccogliere informazioni demografiche. Gli indirizzi IP e le altre informazioni non sono collegate a informazioni personali che possono essere identificate, dunque&nbsp;<strong>tutti i dati sono raccolti in forma assolutamente anonima<\/strong>.<\/p>\n\n\n\n<h3 class=\"wp-block-heading\">Questo sito web utilizza i Cookies<\/h3>\n\n\n\n<p>I cookies sono piccoli file di testo che vengono automaticamente posizionati sul PC del navigatore all\u2019interno del browser. Essi contengono informazioni di base sulla navigazione in Internet e grazie al browser vengono riconosciuti ogni volta che l\u2019utente visita il sito.<\/p>\n\n\n\n<h3 class=\"wp-block-heading\">Cookie Policy<\/h3>\n\n\n\n<p>Questo sito utilizza cookies, anche di terze parti, per migliorarne l\u2019esperienza di navigazione, consentire a chi naviga di usufruire di eventuali servizi online e monitorare la navigazione nel sito.<\/p>\n\n\n\n<h3 class=\"wp-block-heading\">Gestione dei Cookies<\/h3>\n\n\n\n<p>I cookies utilizzati in questo sito possono rientrare nelle categorie descritte di seguito.<\/p>\n\n\n\n<ul class=\"wp-block-list\"><li><strong>Attivit\u00e0 strettamente necessarie al funzionamento<\/strong><br>Questi cookies hanno natura tecnica e permettono al sito di funzionare correttamente. Ad esempio, mantengono l\u2019utente collegato durante la navigazione evitando che il sito richieda di collegarsi pi\u00f9 volte per accedere alle pagine successive.<\/li><li><strong>Attivit\u00e0 di salvataggio delle preferenze<\/strong><br>Questi cookie permettono di ricordare le preferenze selezionate dall\u2019utente durante la navigazione, ad esempio, consentono di impostare la lingua.<\/li><li><strong>Attivit\u00e0 Statistiche e di Misurazione dell\u2019audience (es: Google Analytics)<\/strong><br>Questi cookie ci aiutano a capire, attraverso dati raccolti in forma anonima e aggregata, come gli utenti interagiscono con i siti internet fornendo informazioni relative alle sezioni visitate, il tempo trascorso sul sito, eventuali malfunzionamenti. Questo aiuta a migliorare la resa dei siti internet.<\/li><li><strong>Cookie di social media (es: Facebook)<\/strong><br>Questi cookie di terza parte vengono utilizzati per integrare alcune diffuse funzionalit\u00e0 dei principali social media e fornirle all\u2019interno del sito. In particolare permettono la registrazione e l\u2019autenticazione sul sito tramite facebook e google connect, la condivisione e i commenti di pagine del sito sui social, abilitano le funzionalit\u00e0 del \u201cmi piace\u201d su Facebook e del \u201c+1\u2033 su G+.<\/li><\/ul>\n\n\n\n<h2 class=\"wp-block-heading\">Finalit\u00e0 del trattamento<\/h2>\n\n\n\n<p>I dati possono essere raccolti per una o pi\u00f9 delle seguenti finalit\u00e0:<\/p>\n\n\n\n<ul class=\"wp-block-list\"><li>fornire l\u2019accesso ad aree riservate del Portale e di Portali\/siti collegati con il presente e all\u2019invio di comunicazioni anche di carattere commerciale, notizie, aggiornamenti sulle iniziative di questo sito e delle societ\u00e0 da essa controllate e\/o collegate e\/o Sponsor.<\/li><li>eventuale cessione a terzi dei suddetti dati, sempre finalizzata alla realizzazione di campagne di email marketing ed all\u2019invio di comunicazioni di carattere commerciale.<\/li><li>eseguire gli obblighi previsti da leggi o regolamenti;<\/li><li>gestione contatti;<\/li><\/ul>\n\n\n\n<h2 class=\"wp-block-heading\">Modalit\u00e0 del trattamento<\/h2>\n\n\n\n<p>I dati verranno trattati con le seguenti modalit\u00e0:<\/p>\n\n\n\n<ul class=\"wp-block-list\"><li>raccolta dati con modalit\u00e0 single-opt, in apposito database;<\/li><li>registrazione ed elaborazione su supporto cartaceo e\/o magnetico;<\/li><li>organizzazione degli archivi in forma prevalentemente automatizzata, ai sensi del Disciplinare Tecnico in materia di misure minime di sicurezza, Allegato B del Codice della Privacy.<\/li><\/ul>\n\n\n\n<h2 class=\"wp-block-heading\">Natura obbligatoria<\/h2>\n\n\n\n<p>Tutti i dati richiesti sono obbligatori.<\/p>\n\n\n\n<h2 class=\"wp-block-heading\">Diritti dell\u2019interessato<\/h2>\n\n\n\n<p>Ai sensi ai sensi dell\u2019art. 7 (Diritto di accesso ai dati personali ed altri diritti) del Codice della Privacy, vi segnaliamo che i vostri diritti in ordine al trattamento dei dati sono:<\/p>\n\n\n\n<ul class=\"wp-block-list\"><li>conoscere, mediante accesso gratuito l\u2019esistenza di trattamenti di dati che possano riguardarvi;<\/li><li>essere informati sulla natura e sulle finalit\u00e0 del trattamento<\/li><li>ottenere a cura del titolare, senza ritardo:<ul><li>la conferma dell\u2019esistenza o meno di dati personali che vi riguardano, anche se non ancora registrati, e la comunicazione in forma intellegibile dei medesimi dati e della loro origine, nonch\u00e9 della logica e delle finalit\u00e0 su cui si basa il trattamento; la richiesta pu\u00f2 essere rinnovata, salva l\u2019esistenza di giustificati motivi, con intervallo non minore di novanta giorni;<\/li><li>la cancellazione, la trasformazione in forma anonima o il blocco dei dati trattati in violazione di legge, compresi quelli di cui non \u00e8 necessaria la conservazione in relazione agli scopi per i quali i dati sono stati raccolti o successivamente trattati;<\/li><li>l\u2019aggiornamento, la rettifica ovvero, qualora vi abbia interesse, l\u2019integrazione dei dati esistenti;<\/li><li>opporvi in tutto o in parte per motivi legittimi al trattamento dei dati personali che vi riguardano ancorch\u00e9 pertinenti allo scopo della raccolta;<\/li><\/ul><\/li><\/ul>\n\n\n\n<p>Vi segnaliamo che il titolare del trattamento ad ogni effetto di legge \u00e8:<\/p>\n\n\n\n<ul class=\"wp-block-list\"><li><strong>Smyle di Giulia Muzzioli<\/strong><\/li><li>P. IVA: 03976890362<\/li><li>Tel\/Fax:\u00a03517605776<\/li><li>E-mail:\u00a0smyleshoponline@gmail.com<\/li><\/ul>\n\n\n\n<p>Per esercitare i diritti previsti all\u2019art. 7 del Codice della Privacy ovvero per la cancellazione dei vostri dati dall\u2019archivio, \u00e8 sufficiente contattarci attraverso uno dei canali messi a disposizione.<\/p>\n\n\n\n<p>Tutti i dati sono protetti attraverso l\u2019uso di antivirus, firewall e protezione attraverso password.<\/p>\n\n\n\n<h2 class=\"wp-block-heading\">Consenso<\/h2>\n\n\n\n<p>Usando il nostro sito web, acconsenti alla nostra politica sulla privacy e accetti i suoi termini. Se desideri ulteriori informazioni o hai domande sulla nostra politica sulla privacy non esitare a contattarci.<\/p>\n","protected":false},"excerpt":{"rendered":"<p>Informativa ai sensi dell\u2019art. 13 del Codice della Privacy Ai sensi dell\u2019articolo 13 del codice della D.Lgs. 196\/2003, vi rendiamo le seguenti informazioni. Noi di&nbsp;https:\/\/smyleshop.it\/&nbsp;riteniamo che la privacy dei nostri visitatori sia estremamente importante. Questo documento descrive dettagliatamente i tipi di informazioni personali raccolti e registrati dal nostro sito e come essi vengano utilizzati. File [&hellip;]<\/p>\n","protected":false},"author":1,"featured_media":0,"parent":0,"menu_order":0,"comment_status":"closed","ping_status":"open","template":"","meta":{"footnotes":""},"class_list":["post-3","page","type-page","status-publish","hentry"],"jetpack_sharing_enabled":true,"_links":{"self":[{"href":"https:\/\/smyleshop.it\/index.php\/wp-json\/wp\/v2\/pages\/3","targetHints":{"allow":["GET"]}}],"collection":[{"href":"https:\/\/smyleshop.it\/index.php\/wp-json\/wp\/v2\/pages"}],"about":[{"href":"https:\/\/smyleshop.it\/index.php\/wp-json\/wp\/v2\/types\/page"}],"author":[{"embeddable":true,"href":"https:\/\/smyleshop.it\/index.php\/wp-json\/wp\/v2\/users\/1"}],"replies":[{"embeddable":true,"href":"https:\/\/smyleshop.it\/index.php\/wp-json\/wp\/v2\/comments?post=3"}],"version-history":[{"count":3,"href":"https:\/\/smyleshop.it\/index.php\/wp-json\/wp\/v2\/pages\/3\/revisions"}],"predecessor-version":[{"id":416,"href":"https:\/\/smyleshop.it\/index.php\/wp-json\/wp\/v2\/pages\/3\/revisions\/416"}],"wp:attachment":[{"href":"https:\/\/smyleshop.it\/index.php\/wp-json\/wp\/v2\/media?parent=3"}],"curies":[{"name":"wp","href":"https:\/\/api.w.org\/{rel}","templated":true}]}}